{"id":5,"date":"2011-08-28T18:50:34","date_gmt":"2011-08-28T18:50:34","guid":{"rendered":"http:\/\/phamvuluaha.wordpress.com\/?page_id=2"},"modified":"2016-04-19T23:17:37","modified_gmt":"2016-04-20T03:17:37","slug":"about","status":"publish","type":"page","link":"https:\/\/lendongxuongdoai.info\/?page_id=5","title":{"rendered":"About"},"content":{"rendered":"<p><em>Ng\u00e0y x\u1eeda ng\u00e0y x\u01b0a, thu\u1edf ch\u01b0a c\u00f3 blog, ta c\u0169ng vi\u1ebft l\u00e1ch \u00edt nhi\u1ec1u.\u00a0 T\u1eeb d\u1ea1o blog l\u00ean ng\u00f4i, ta l\u1ea1i ch\u00e1n vi\u1ebft, m\u00e0 ch\u1ec9 th\u00edch \u0111\u1ecdc c\u1ee7a b\u00e1 t\u00e1nh. \u00a0Nay l\u1ea1i th\u1eed blogging.\u00a0 Coi nh\u01b0 g\u00f3p nh\u1eb7t chuy\u1ec7n \u0111\u00f4ng t\u00e2y, ch\u1ec9 mong h\u1ecdc \u0111\u01b0\u1ee3c v\u00e0i ch\u1eef t\u1eeb t\u00fai kh\u00f4n thi\u00ean h\u1ea1.<\/em><\/p>\n<p>Ngo\u00e0i m\u1ed9t v\u00e0i b\u00e0i vi\u1ebft\/d\u1ecbch chung v\u1edbi ng\u01b0\u1eddi kh\u00e1c ho\u1eb7c do b\u1ea1n vi\u1ebft theo y\u00eau c\u1ea7u, nh\u1eefng b\u00e0i tr\u00ean blog n\u00e0y do t\u00f4i d\u1ecbch ho\u1eb7c vi\u1ebft, k\u00fd t\u00ean Ph\u1ea1m V\u0169 L\u1eeda H\u1ea1 (t\u00ean th\u1eadt) ho\u1eb7c Kh\u01b0\u01a1ng An (b\u00fat danh).<\/p>\n<p>Tr\u01b0\u1edbc khi chuy\u1ec3n v\u1ec1 \u0111\u00e2y, blog n\u00e0y ban \u0111\u1ea7u <a href=\"https:\/\/phamvuluaha.wordpress.com\/\">\u1edf \u0111\u1ecba ch\u1ec9 n\u00e0y<\/a>.<\/p>\n<p>N\u1ebfu b\u1ea1n ph\u00e1t hi\u1ec7n c\u00f3 \u0111\u01b0\u1eddng d\u1eabn b\u1ecb l\u1ed7i n\u00e0o (do qu\u00e1 tr\u00ecnh\u00a0chuy\u1ec3n d\u1eef li\u1ec7u t\u1eeb blog c\u0169), xin vui l\u00f2ng b\u00e1o b\u1eb1ng c\u00e1ch g\u00f3p \u00fd \u1edf \u00f4 b\u00ecnh lu\u1eadn \u1edf cu\u1ed1i trang n\u00e0y, ho\u1eb7c \u1edf b\u00e0i \/ trang c\u1ee5 th\u1ec3. \u0110a t\u1ea1.<\/p>\n<p>PVLH<\/p>\n","protected":false},"excerpt":{"rendered":"<p>Ng\u00e0y x\u1eeda ng\u00e0y x\u01b0a, thu\u1edf ch\u01b0a c\u00f3 blog, ta c\u0169ng vi\u1ebft l\u00e1ch \u00edt nhi\u1ec1u.\u00a0 T\u1eeb d\u1ea1o blog l\u00ean ng\u00f4i, ta l\u1ea1i ch\u00e1n vi\u1ebft, m\u00e0 ch\u1ec9 th\u00edch \u0111\u1ecdc c\u1ee7a b\u00e1 t\u00e1nh. [&hellip;]<\/p>\n","protected":false},"author":2,"featured_media":0,"parent":0,"menu_order":0,"comment_status":"open","ping_status":"open","template":"","meta":{"spay_email":""},"jetpack_sharing_enabled":true,"jetpack_shortlink":"https:\/\/wp.me\/P7qNYI-5","jetpack-related-posts":[],"_links":{"self":[{"href":"https:\/\/lendongxuongdoai.info\/index.php?rest_route=\/wp\/v2\/pages\/5"}],"collection":[{"href":"https:\/\/lendongxuongdoai.info\/index.php?rest_route=\/wp\/v2\/pages"}],"about":[{"href":"https:\/\/lendongxuongdoai.info\/index.php?rest_route=\/wp\/v2\/types\/page"}],"author":[{"embeddable":true,"href":"https:\/\/lendongxuongdoai.info\/index.php?rest_route=\/wp\/v2\/users\/2"}],"replies":[{"embeddable":true,"href":"https:\/\/lendongxuongdoai.info\/index.php?rest_route=%2Fwp%2Fv2%2Fcomments&post=5"}],"version-history":[{"count":7,"href":"https:\/\/lendongxuongdoai.info\/index.php?rest_route=\/wp\/v2\/pages\/5\/revisions"}],"predecessor-version":[{"id":4997,"href":"https:\/\/lendongxuongdoai.info\/index.php?rest_route=\/wp\/v2\/pages\/5\/revisions\/4997"}],"wp:attachment":[{"href":"https:\/\/lendongxuongdoai.info\/index.php?rest_route=%2Fwp%2Fv2%2Fmedia&parent=5"}],"curies":[{"name":"wp","href":"https:\/\/api.w.org\/{rel}","templated":true}]}}