{"id":5,"date":"2011-08-28T18:50:34","date_gmt":"2011-08-28T22:50:34","guid":{"rendered":"http:\/\/phamvuluaha.wordpress.com\/?page_id=2"},"modified":"2016-05-22T18:00:43","modified_gmt":"2016-05-22T22:00:43","slug":"about","status":"publish","type":"page","link":"https:\/\/lendongxuongdoai.info\/dollarsandsense\/?page_id=5","title":{"rendered":"About"},"content":{"rendered":"<p>Blog n\u00e0y t\u1eadp h\u1ee3p nh\u1eefng b\u00e0i tr\u01b0\u1edbc \u0111\u00e2y \u1edf trang <a href=\"https:\/\/www.facebook.com\/dollarandsense\/\" target=\"_blank\">Dollars and Sense <\/a>c\u1ee7a t\u00f4i tr\u00ean Facebook, v\u00e0 nh\u1eefng b\u00e0i t\u01b0\u01a1ng t\u1ef1 (v\u1ec1 chuy\u1ec7n ti\u1ebfng Anh, d\u1ecbch thu\u1eadt \u2026) t\u1eeb blog <a href=\"https:\/\/lendongxuongdoai.info\/\" target=\"_blank\"><em>l\u00ean \u0111\u00f4ng xu\u1ed1ng \u0111o\u00e0i<\/em><\/a>\u00a0s\u1ebd \u0111\u01b0\u1ee3c chuy\u1ec3n d\u1ea7n sang \u0111\u00e2y. Coi nh\u01b0 blog n\u00e0y l\u00e0 ph\u1ee5 tr\u01b0\u01a1ng c\u1ee7a blog <em>l\u00ean \u0111\u00f4ng xu\u1ed1ng \u0111o\u00e0i<\/em>\u00a0c\u0169ng \u0111\u01b0\u1ee3c.<\/p>\n<p>C\u00e1c chuy\u00ean m\u1ee5c ch\u00ednh g\u1ed3m:<\/p>\n<ul>\n<li><em>Lost in translation<\/em>: D\u1ecbch l\u00e0 ph\u1ea3n d\u1ecbch, b\u00e0n chuy\u1ec7n d\u1ecbch thu\u1eadt<\/li>\n<li><em>Occupy yourself<\/em>: Chuy\u1ec7n h\u1ecdc h\u00e0nh, thi c\u1eed, ngh\u1ec1 nghi\u1ec7p<\/li>\n<li><em>On the grapevine<\/em>: H\u00f3ng h\u1edbt th\u1eddi s\u1ef1<\/li>\n<li><em>Pun<\/em>: Ch\u01a1i ch\u1eef (Well, it speaks for itself. Kh\u1ecfi c\u1ea7n gi\u1ea3i th\u00edch.)<\/li>\n<li><em>The Curious Reader<\/em>: T\u1eadp h\u1ee3p b\u00e0i \u0111\u00e1ng \u0111\u1ecdc trong tu\u1ea7n, v\u00e0 m\u1ed9t s\u1ed1 b\u00e0i \u0111\u1ecdc c\u00f3 ch\u00fa gi\u1ea3i<\/li>\n<li><em>Word Wonder<\/em>: T\u00ecm hi\u1ec3u ng\u1eef ngh\u0129a, t\u1eeb nguy\u00ean, ng\u1eef ph\u00e1p, v\u0103n phong \u2026<\/li>\n<\/ul>\n<p>N\u1ebfu c\u00f3 g\u1ee3i \u00fd \u0111\u1ec1 t\u00e0i \/ chuy\u00ean m\u1ee5c g\u00ec kh\u00e1c, m\u1eddi b\u1ea1n cho \u00fd ki\u1ebfn \u1edf \u00f4 b\u00ecnh lu\u1eadn c\u1ee7a trang n\u00e0y.<\/p>\n<p>Happy browsing and reading.<\/p>\n<p>Ph\u1ea1m V\u0169 L\u1eeda H\u1ea1<\/p>\n","protected":false},"excerpt":{"rendered":"<p>Blog n\u00e0y t\u1eadp h\u1ee3p nh\u1eefng b\u00e0i tr\u01b0\u1edbc \u0111\u00e2y \u1edf trang Dollars and Sense c\u1ee7a t\u00f4i tr\u00ean Facebook, v\u00e0 nh\u1eefng b\u00e0i t\u01b0\u01a1ng t\u1ef1 (v\u1ec1 chuy\u1ec7n ti\u1ebfng Anh, d\u1ecbch thu\u1eadt \u2026) t\u1eeb blog l\u00ean \u0111\u00f4ng xu\u1ed1ng \u0111o\u00e0i\u00a0s\u1ebd \u0111\u01b0\u1ee3c chuy\u1ec3n d\u1ea7n sang \u0111\u00e2y. Coi nh\u01b0 blog n\u00e0y l\u00e0 ph\u1ee5 tr\u01b0\u01a1ng c\u1ee7a blog l\u00ean \u0111\u00f4ng xu\u1ed1ng \u0111o\u00e0i\u00a0c\u0169ng \u0111\u01b0\u1ee3c. C\u00e1c\u2026 <span class=\"read-more\"><a href=\"https:\/\/lendongxuongdoai.info\/dollarsandsense\/?page_id=5\">Read More &raquo;<\/a><\/span><\/p>\n","protected":false},"author":1,"featured_media":0,"parent":0,"menu_order":0,"comment_status":"open","ping_status":"closed","template":"","meta":{"spay_email":""},"jetpack_sharing_enabled":true,"jetpack_shortlink":"https:\/\/wp.me\/P7rSaG-5","jetpack-related-posts":[],"_links":{"self":[{"href":"https:\/\/lendongxuongdoai.info\/dollarsandsense\/index.php?rest_route=\/wp\/v2\/pages\/5"}],"collection":[{"href":"https:\/\/lendongxuongdoai.info\/dollarsandsense\/index.php?rest_route=\/wp\/v2\/pages"}],"about":[{"href":"https:\/\/lendongxuongdoai.info\/dollarsandsense\/index.php?rest_route=\/wp\/v2\/types\/page"}],"author":[{"embeddable":true,"href":"https:\/\/lendongxuongdoai.info\/dollarsandsense\/index.php?rest_route=\/wp\/v2\/users\/1"}],"replies":[{"embeddable":true,"href":"https:\/\/lendongxuongdoai.info\/dollarsandsense\/index.php?rest_route=%2Fwp%2Fv2%2Fcomments&post=5"}],"version-history":[{"count":9,"href":"https:\/\/lendongxuongdoai.info\/dollarsandsense\/index.php?rest_route=\/wp\/v2\/pages\/5\/revisions"}],"predecessor-version":[{"id":5610,"href":"https:\/\/lendongxuongdoai.info\/dollarsandsense\/index.php?rest_route=\/wp\/v2\/pages\/5\/revisions\/5610"}],"wp:attachment":[{"href":"https:\/\/lendongxuongdoai.info\/dollarsandsense\/index.php?rest_route=%2Fwp%2Fv2%2Fmedia&parent=5"}],"curies":[{"name":"wp","href":"https:\/\/api.w.org\/{rel}","templated":true}]}}